{"id":2520,"date":"2024-01-26T16:10:36","date_gmt":"2024-01-26T21:10:36","guid":{"rendered":"https:\/\/melaniedubois.com\/?page_id=2520"},"modified":"2024-01-26T16:10:36","modified_gmt":"2024-01-26T21:10:36","slug":"de-modestes-baisses-des-taux-dinteret-devraient-stimuler-lactivite-lannee-prochaine-entrainant-une-hausse-des-prix-de-limmobilier-au-canada","status":"publish","type":"page","link":"https:\/\/melaniedubois.com\/fr\/de-modestes-baisses-des-taux-dinteret-devraient-stimuler-lactivite-lannee-prochaine-entrainant-une-hausse-des-prix-de-limmobilier-au-canada\/","title":{"rendered":"De modestes baisses des taux d\u2019int\u00e9r\u00eat devraient stimuler l\u2019activit\u00e9 l\u2019ann\u00e9e prochaine, entra\u00eenant une hausse des prix de l\u2019immobilier au Canada"},"content":{"rendered":"<p><img loading=\"lazy\" decoding=\"async\" class=\"\" src=\"https:\/\/mcusercontent.com\/93cd80b45544fad91b6b44d60\/images\/80a3bffd-1e00-115d-c0c6-c209803384c5.png\" width=\"1133\" height=\"623\" \/><\/p>\n<p class=\"post__subtitle\" style=\"text-align: justify;\">Le prix d\u2019une propri\u00e9t\u00e9 devrait augmenter de 5,5 % d&rsquo;une ann\u00e9e sur l&rsquo;autre au quatri\u00e8me trimestre 2024<\/p>\n<p style=\"text-align: justify;\">Apr\u00e8s plusieurs ann\u00e9es de hauts et de bas sans pr\u00e9c\u00e9dent, le march\u00e9 immobilier canadien pourrait retrouver des niveaux d\u2019activit\u00e9 et des tendances de prix plus normaux l\u2019ann\u00e9e prochaine. La Banque du Canada devrait abaisser son taux de financement \u00e0 un jour lors de la deuxi\u00e8me moiti\u00e9 de 2024, ce qui entra\u00eenera une augmentation de la demande de la part des acheteurs \u00e9cart\u00e9s du march\u00e9, qui s\u2019adapteront aux r\u00e9alit\u00e9s actuelles en mati\u00e8re de pr\u00eat hypoth\u00e9caire. La formation de nouveaux m\u00e9nages et les nouveaux arrivants au Canada exerceront une pression suppl\u00e9mentaire sur les prix.<\/p>\n<p style=\"text-align: justify;\">\u00ab En regardant vers l\u2019avenir, nous voyons 2024 comme un point de basculement important pour l\u2019\u00e9conomie nationale, car la majorit\u00e9 des Canadiens reconnaissent que l\u2019\u00e8re des taux d\u2019int\u00e9r\u00eat tr\u00e8s bas est r\u00e9volue \u00bb, a d\u00e9clar\u00e9 Phil Soper, pr\u00e9sident et chef de la direction de Royal LePage. \u00ab Nous croyons que le \u00ab\u00a0grand ajustement\u00a0\u00bb \u00e0 des co\u00fbts d\u2019emprunt tol\u00e9rables, de l\u2019ordre d\u2019un chiffre, sera fermement ancr\u00e9 dans notre conscience collective apr\u00e8s seulement de modestes r\u00e9ductions de taux par la Banque du Canada. \u00bb<\/p>\n<p style=\"text-align: justify;\">Selon les pr\u00e9visions du march\u00e9 de Royal LePage, le prix de l\u2019agr\u00e9gat<sup>1<\/sup>\u00a0d\u2019une maison au Canada devrait augmenter de 5,5 % d\u2019une ann\u00e9e sur l\u2019autre pour atteindre 843 684 $ au quatri\u00e8me trimestre de 2024, le prix m\u00e9dian d\u2019une propri\u00e9t\u00e9 unifamiliale d\u00e9tach\u00e9e et d\u2019un appartement en copropri\u00e9t\u00e9 devant augmenter de 6,0 % et de 5,0 % pour atteindre 879 164 $ et 616 140 $, respectivement.<sup>2<\/sup><\/p>\n<p style=\"text-align: justify;\">Les pr\u00e9visions de Royal LePage reposent sur l\u2019hypoth\u00e8se que la Banque du Canada a termin\u00e9 sa campagne de hausse des taux d\u2019int\u00e9r\u00eat et que le taux directeur restera stable \u00e0 5,0 % pendant la premi\u00e8re moiti\u00e9 de 2024. La banque centrale devrait commencer \u00e0 proc\u00e9der \u00e0 des r\u00e9ductions modestes des taux \u00e0 la fin de l\u2019\u00e9t\u00e9 ou \u00e0 l\u2019automne de l\u2019ann\u00e9e prochaine. Entre-temps, plusieurs grandes institutions financi\u00e8res ont d\u00e9j\u00e0 commenc\u00e9 \u00e0 offrir des rabais sur les pr\u00eats hypoth\u00e9caires \u00e0 taux fixe.<\/p>\n<p style=\"text-align: justify;\">\u00ab Le march\u00e9 immobilier canadien a connu des montagnes russes au cours des quatre derni\u00e8res ann\u00e9es. Une pand\u00e9mie mondiale a bri\u00e8vement interrompu l\u2019activit\u00e9 du march\u00e9 au d\u00e9but de 2020, suivie d\u2019une hausse rapide et g\u00e9n\u00e9ralis\u00e9e de la demande et de l\u2019appr\u00e9ciation des prix, les Canadiens recherchant la s\u00e9curit\u00e9 et un plus grand espace de vie dans leur maison dans un monde d\u2019incertitude. Au printemps 2022, les prix des logements avaient atteint des sommets sans pr\u00e9c\u00e9dent, mais lorsque les taux d\u2019int\u00e9r\u00eat ont commenc\u00e9 \u00e0 augmenter rapidement et fortement pour lutter contre l\u2019inflation, la correction prolong\u00e9e du march\u00e9 a commenc\u00e9 \u00bb, a d\u00e9clar\u00e9 M. Soper. \u00ab Les march\u00e9s ont besoin de temps pour s\u2019adapter. Nous pr\u00e9voyons une \u00e9volution vers des niveaux de transactions typiques en 2024 et, \u00e0 mesure que l\u2019ann\u00e9e avance, une appr\u00e9ciation des prix. \u00bb<\/p>\n<p style=\"text-align: justify;\">\u00c0 l\u2019\u00e9chelle nationale, les prix des propri\u00e9t\u00e9s devraient conna\u00eetre des gains trimestriels modestes au cours des deux premiers trimestres de 2024, et des augmentations plus consid\u00e9rables sont attendues au cours du deuxi\u00e8me semestre, apr\u00e8s le d\u00e9but pr\u00e9vu des r\u00e9ductions de taux d\u2019int\u00e9r\u00eat par la Banque du Canada.<\/p>\n<p class=\"wp-block-image\" style=\"text-align: justify;\">\n<p>&nbsp;<\/p>\n<p><strong>Source<\/strong> : <a href=\"https:\/\/www.journaldemontreal.com\/2023\/01\/23\/cinq-choses-a-savoir-sur-la-declaration-du-vendeur\">Article de Royal LePage publi\u00e9 sur le site royallepage.ca le 14 d\u00e9cembre 2023<\/a><\/p>\n<p><strong>Lien : <\/strong><a href=\"https:\/\/blogue.royallepage.ca\/de-modestes-baisses-des-taux-dinteret-devraient-stimuler-lactivite-lannee-prochaine-entrainant-une-hausse-des-prix-de-limmobilier-au-canada\/\">https:\/\/blogue.royallepage.ca\/de-modestes-baisses-des-taux-dinteret-devraient-stimuler-lactivite-lannee-prochaine-entrainant-une-hausse-des-prix-de-limmobilier-au-canada\/<\/a><\/p>\n<p style=\"text-align: center;\">Vous voulez gardez un oeil sur le march\u00e9 et sur votre investissement ?<\/p>\n<p style=\"text-align: center;\">Nous pouvons p\u00e9riodiquement vous envoyer les ventes dans votre secteur.<\/p>\n<p style=\"text-align: center;\">C&rsquo;est GRATUIT! Aucune obligation de votre part.<\/p>\n<p><img decoding=\"async\" class=\"aligncenter\" src=\"https:\/\/mcusercontent.com\/93cd80b45544fad91b6b44d60\/images\/22eff594-89e6-7c93-0054-7fc2388cf7ae.png\" \/><\/p>","protected":false},"excerpt":{"rendered":"<p>Le prix d\u2019une propri\u00e9t\u00e9 devrait augmenter de 5,5 % d&rsquo;une ann\u00e9e sur l&rsquo;autre au quatri\u00e8me trimestre 2024 Apr\u00e8s plusieurs ann\u00e9es de hauts et de bas sans pr\u00e9c\u00e9dent, le march\u00e9 immobilier canadien pourrait retrouver des niveaux d\u2019activit\u00e9 et des tendances de prix plus normaux l\u2019ann\u00e9e prochaine. La Banque du Canada devrait abaisser son taux de financement [&hellip;]<\/p>\n","protected":false},"author":742,"featured_media":0,"parent":0,"menu_order":0,"comment_status":"closed","ping_status":"closed","template":"","meta":{"_acf_changed":false,"footnotes":""},"class_list":["post-2520","page","type-page","status-publish","hentry"],"acf":[],"yoast_head":"<!-- This site is optimized with the Yoast SEO plugin v26.7 - https:\/\/yoast.com\/wordpress\/plugins\/seo\/ -->\n<title>De modestes baisses des taux d\u2019int\u00e9r\u00eat devraient stimuler l\u2019activit\u00e9 l\u2019ann\u00e9e prochaine, entra\u00eenant une hausse des prix de l\u2019immobilier au Canada - \u00c9quipe M\u00e9lanie Dubois<\/title>\n<meta name=\"robots\" content=\"index, follow, max-snippet:-1, max-image-preview:large, max-video-preview:-1\" \/>\n<link rel=\"canonical\" href=\"https:\/\/melaniedubois.com\/fr\/de-modestes-baisses-des-taux-dinteret-devraient-stimuler-lactivite-lannee-prochaine-entrainant-une-hausse-des-prix-de-limmobilier-au-canada\/\" \/>\n<meta property=\"og:locale\" content=\"fr_FR\" \/>\n<meta property=\"og:type\" content=\"article\" \/>\n<meta property=\"og:title\" content=\"De modestes baisses des taux d\u2019int\u00e9r\u00eat devraient stimuler l\u2019activit\u00e9 l\u2019ann\u00e9e prochaine, entra\u00eenant une hausse des prix de l\u2019immobilier au Canada - \u00c9quipe M\u00e9lanie Dubois\" \/>\n<meta property=\"og:description\" content=\"Le prix d\u2019une propri\u00e9t\u00e9 devrait augmenter de 5,5 % d&rsquo;une ann\u00e9e sur l&rsquo;autre au quatri\u00e8me trimestre 2024 Apr\u00e8s plusieurs ann\u00e9es de hauts et de bas sans pr\u00e9c\u00e9dent, le march\u00e9 immobilier canadien pourrait retrouver des niveaux d\u2019activit\u00e9 et des tendances de prix plus normaux l\u2019ann\u00e9e prochaine. La Banque du Canada devrait abaisser son taux de financement [&hellip;]\" \/>\n<meta property=\"og:url\" content=\"https:\/\/melaniedubois.com\/fr\/de-modestes-baisses-des-taux-dinteret-devraient-stimuler-lactivite-lannee-prochaine-entrainant-une-hausse-des-prix-de-limmobilier-au-canada\/\" \/>\n<meta property=\"og:site_name\" content=\"\u00c9quipe M\u00e9lanie Dubois\" \/>\n<meta property=\"og:image\" content=\"https:\/\/mcusercontent.com\/93cd80b45544fad91b6b44d60\/images\/80a3bffd-1e00-115d-c0c6-c209803384c5.png\" \/>\n<meta name=\"twitter:card\" content=\"summary_large_image\" \/>\n<meta name=\"twitter:label1\" content=\"Dur\u00e9e de lecture estim\u00e9e\" \/>\n\t<meta name=\"twitter:data1\" content=\"3 minutes\" \/>\n<script type=\"application\/ld+json\" class=\"yoast-schema-graph\">{\"@context\":\"https:\/\/schema.org\",\"@graph\":[{\"@type\":\"WebPage\",\"@id\":\"https:\/\/melaniedubois.com\/fr\/de-modestes-baisses-des-taux-dinteret-devraient-stimuler-lactivite-lannee-prochaine-entrainant-une-hausse-des-prix-de-limmobilier-au-canada\/\",\"url\":\"https:\/\/melaniedubois.com\/fr\/de-modestes-baisses-des-taux-dinteret-devraient-stimuler-lactivite-lannee-prochaine-entrainant-une-hausse-des-prix-de-limmobilier-au-canada\/\",\"name\":\"[:fr]De modestes baisses des taux d\u2019int\u00e9r\u00eat devraient stimuler l\u2019activit\u00e9 l\u2019ann\u00e9e prochaine, entra\u00eenant une hausse des prix de l\u2019immobilier au Canada[:] - \u00c9quipe M\u00e9lanie Dubois\",\"isPartOf\":{\"@id\":\"https:\/\/melaniedubois.com\/en\/#website\"},\"primaryImageOfPage\":{\"@id\":\"https:\/\/melaniedubois.com\/fr\/de-modestes-baisses-des-taux-dinteret-devraient-stimuler-lactivite-lannee-prochaine-entrainant-une-hausse-des-prix-de-limmobilier-au-canada\/#primaryimage\"},\"image\":{\"@id\":\"https:\/\/melaniedubois.com\/fr\/de-modestes-baisses-des-taux-dinteret-devraient-stimuler-lactivite-lannee-prochaine-entrainant-une-hausse-des-prix-de-limmobilier-au-canada\/#primaryimage\"},\"thumbnailUrl\":\"https:\/\/mcusercontent.com\/93cd80b45544fad91b6b44d60\/images\/80a3bffd-1e00-115d-c0c6-c209803384c5.png\",\"datePublished\":\"2024-01-26T21:10:36+00:00\",\"breadcrumb\":{\"@id\":\"https:\/\/melaniedubois.com\/fr\/de-modestes-baisses-des-taux-dinteret-devraient-stimuler-lactivite-lannee-prochaine-entrainant-une-hausse-des-prix-de-limmobilier-au-canada\/#breadcrumb\"},\"inLanguage\":\"fr-FR\",\"potentialAction\":[{\"@type\":\"ReadAction\",\"target\":[\"https:\/\/melaniedubois.com\/fr\/de-modestes-baisses-des-taux-dinteret-devraient-stimuler-lactivite-lannee-prochaine-entrainant-une-hausse-des-prix-de-limmobilier-au-canada\/\"]}]},{\"@type\":\"ImageObject\",\"inLanguage\":\"fr-FR\",\"@id\":\"https:\/\/melaniedubois.com\/fr\/de-modestes-baisses-des-taux-dinteret-devraient-stimuler-lactivite-lannee-prochaine-entrainant-une-hausse-des-prix-de-limmobilier-au-canada\/#primaryimage\",\"url\":\"https:\/\/mcusercontent.com\/93cd80b45544fad91b6b44d60\/images\/80a3bffd-1e00-115d-c0c6-c209803384c5.png\",\"contentUrl\":\"https:\/\/mcusercontent.com\/93cd80b45544fad91b6b44d60\/images\/80a3bffd-1e00-115d-c0c6-c209803384c5.png\"},{\"@type\":\"BreadcrumbList\",\"@id\":\"https:\/\/melaniedubois.com\/fr\/de-modestes-baisses-des-taux-dinteret-devraient-stimuler-lactivite-lannee-prochaine-entrainant-une-hausse-des-prix-de-limmobilier-au-canada\/#breadcrumb\",\"itemListElement\":[{\"@type\":\"ListItem\",\"position\":1,\"name\":\"Accueil\",\"item\":\"https:\/\/melaniedubois.com\/en\/\"},{\"@type\":\"ListItem\",\"position\":2,\"name\":\"De modestes baisses des taux d\u2019int\u00e9r\u00eat devraient stimuler l\u2019activit\u00e9 l\u2019ann\u00e9e prochaine, entra\u00eenant une hausse des prix de l\u2019immobilier au Canada\"}]},{\"@type\":\"WebSite\",\"@id\":\"https:\/\/melaniedubois.com\/en\/#website\",\"url\":\"https:\/\/melaniedubois.com\/en\/\",\"name\":\"\u00c9quipe M\u00e9lanie Dubois\",\"description\":\"Courtier immobilier Montr\u00e9al, KW Connexion\",\"potentialAction\":[{\"@type\":\"SearchAction\",\"target\":{\"@type\":\"EntryPoint\",\"urlTemplate\":\"https:\/\/melaniedubois.com\/en\/?s={search_term_string}\"},\"query-input\":{\"@type\":\"PropertyValueSpecification\",\"valueRequired\":true,\"valueName\":\"search_term_string\"}}],\"inLanguage\":\"fr-FR\"}]}<\/script>\n<!-- \/ Yoast SEO plugin. -->","yoast_head_json":{"title":"De modestes baisses des taux d\u2019int\u00e9r\u00eat devraient stimuler l\u2019activit\u00e9 l\u2019ann\u00e9e prochaine, entra\u00eenant une hausse des prix de l\u2019immobilier au Canada - \u00c9quipe M\u00e9lanie Dubois","robots":{"index":"index","follow":"follow","max-snippet":"max-snippet:-1","max-image-preview":"max-image-preview:large","max-video-preview":"max-video-preview:-1"},"canonical":"https:\/\/melaniedubois.com\/fr\/de-modestes-baisses-des-taux-dinteret-devraient-stimuler-lactivite-lannee-prochaine-entrainant-une-hausse-des-prix-de-limmobilier-au-canada\/","og_locale":"fr_FR","og_type":"article","og_title":"De modestes baisses des taux d\u2019int\u00e9r\u00eat devraient stimuler l\u2019activit\u00e9 l\u2019ann\u00e9e prochaine, entra\u00eenant une hausse des prix de l\u2019immobilier au Canada - \u00c9quipe M\u00e9lanie Dubois","og_description":"Le prix d\u2019une propri\u00e9t\u00e9 devrait augmenter de 5,5 % d&rsquo;une ann\u00e9e sur l&rsquo;autre au quatri\u00e8me trimestre 2024 Apr\u00e8s plusieurs ann\u00e9es de hauts et de bas sans pr\u00e9c\u00e9dent, le march\u00e9 immobilier canadien pourrait retrouver des niveaux d\u2019activit\u00e9 et des tendances de prix plus normaux l\u2019ann\u00e9e prochaine. La Banque du Canada devrait abaisser son taux de financement [&hellip;]","og_url":"https:\/\/melaniedubois.com\/fr\/de-modestes-baisses-des-taux-dinteret-devraient-stimuler-lactivite-lannee-prochaine-entrainant-une-hausse-des-prix-de-limmobilier-au-canada\/","og_site_name":"\u00c9quipe M\u00e9lanie Dubois","og_image":[{"url":"https:\/\/mcusercontent.com\/93cd80b45544fad91b6b44d60\/images\/80a3bffd-1e00-115d-c0c6-c209803384c5.png","type":"","width":"","height":""}],"twitter_card":"summary_large_image","twitter_misc":{"Dur\u00e9e de lecture estim\u00e9e":"3 minutes"},"schema":{"@context":"https:\/\/schema.org","@graph":[{"@type":"WebPage","@id":"https:\/\/melaniedubois.com\/fr\/de-modestes-baisses-des-taux-dinteret-devraient-stimuler-lactivite-lannee-prochaine-entrainant-une-hausse-des-prix-de-limmobilier-au-canada\/","url":"https:\/\/melaniedubois.com\/fr\/de-modestes-baisses-des-taux-dinteret-devraient-stimuler-lactivite-lannee-prochaine-entrainant-une-hausse-des-prix-de-limmobilier-au-canada\/","name":"[:fr]De modestes baisses des taux d\u2019int\u00e9r\u00eat devraient stimuler l\u2019activit\u00e9 l\u2019ann\u00e9e prochaine, entra\u00eenant une hausse des prix de l\u2019immobilier au Canada[:] - \u00c9quipe M\u00e9lanie Dubois","isPartOf":{"@id":"https:\/\/melaniedubois.com\/en\/#website"},"primaryImageOfPage":{"@id":"https:\/\/melaniedubois.com\/fr\/de-modestes-baisses-des-taux-dinteret-devraient-stimuler-lactivite-lannee-prochaine-entrainant-une-hausse-des-prix-de-limmobilier-au-canada\/#primaryimage"},"image":{"@id":"https:\/\/melaniedubois.com\/fr\/de-modestes-baisses-des-taux-dinteret-devraient-stimuler-lactivite-lannee-prochaine-entrainant-une-hausse-des-prix-de-limmobilier-au-canada\/#primaryimage"},"thumbnailUrl":"https:\/\/mcusercontent.com\/93cd80b45544fad91b6b44d60\/images\/80a3bffd-1e00-115d-c0c6-c209803384c5.png","datePublished":"2024-01-26T21:10:36+00:00","breadcrumb":{"@id":"https:\/\/melaniedubois.com\/fr\/de-modestes-baisses-des-taux-dinteret-devraient-stimuler-lactivite-lannee-prochaine-entrainant-une-hausse-des-prix-de-limmobilier-au-canada\/#breadcrumb"},"inLanguage":"fr-FR","potentialAction":[{"@type":"ReadAction","target":["https:\/\/melaniedubois.com\/fr\/de-modestes-baisses-des-taux-dinteret-devraient-stimuler-lactivite-lannee-prochaine-entrainant-une-hausse-des-prix-de-limmobilier-au-canada\/"]}]},{"@type":"ImageObject","inLanguage":"fr-FR","@id":"https:\/\/melaniedubois.com\/fr\/de-modestes-baisses-des-taux-dinteret-devraient-stimuler-lactivite-lannee-prochaine-entrainant-une-hausse-des-prix-de-limmobilier-au-canada\/#primaryimage","url":"https:\/\/mcusercontent.com\/93cd80b45544fad91b6b44d60\/images\/80a3bffd-1e00-115d-c0c6-c209803384c5.png","contentUrl":"https:\/\/mcusercontent.com\/93cd80b45544fad91b6b44d60\/images\/80a3bffd-1e00-115d-c0c6-c209803384c5.png"},{"@type":"BreadcrumbList","@id":"https:\/\/melaniedubois.com\/fr\/de-modestes-baisses-des-taux-dinteret-devraient-stimuler-lactivite-lannee-prochaine-entrainant-une-hausse-des-prix-de-limmobilier-au-canada\/#breadcrumb","itemListElement":[{"@type":"ListItem","position":1,"name":"Accueil","item":"https:\/\/melaniedubois.com\/en\/"},{"@type":"ListItem","position":2,"name":"De modestes baisses des taux d\u2019int\u00e9r\u00eat devraient stimuler l\u2019activit\u00e9 l\u2019ann\u00e9e prochaine, entra\u00eenant une hausse des prix de l\u2019immobilier au Canada"}]},{"@type":"WebSite","@id":"https:\/\/melaniedubois.com\/en\/#website","url":"https:\/\/melaniedubois.com\/en\/","name":"\u00c9quipe M\u00e9lanie Dubois","description":"Courtier immobilier Montr\u00e9al, KW Connexion","potentialAction":[{"@type":"SearchAction","target":{"@type":"EntryPoint","urlTemplate":"https:\/\/melaniedubois.com\/en\/?s={search_term_string}"},"query-input":{"@type":"PropertyValueSpecification","valueRequired":true,"valueName":"search_term_string"}}],"inLanguage":"fr-FR"}]}},"_links":{"self":[{"href":"https:\/\/melaniedubois.com\/fr\/wp-json\/wp\/v2\/pages\/2520","targetHints":{"allow":["GET"]}}],"collection":[{"href":"https:\/\/melaniedubois.com\/fr\/wp-json\/wp\/v2\/pages"}],"about":[{"href":"https:\/\/melaniedubois.com\/fr\/wp-json\/wp\/v2\/types\/page"}],"author":[{"embeddable":true,"href":"https:\/\/melaniedubois.com\/fr\/wp-json\/wp\/v2\/users\/742"}],"replies":[{"embeddable":true,"href":"https:\/\/melaniedubois.com\/fr\/wp-json\/wp\/v2\/comments?post=2520"}],"version-history":[{"count":1,"href":"https:\/\/melaniedubois.com\/fr\/wp-json\/wp\/v2\/pages\/2520\/revisions"}],"predecessor-version":[{"id":2521,"href":"https:\/\/melaniedubois.com\/fr\/wp-json\/wp\/v2\/pages\/2520\/revisions\/2521"}],"wp:attachment":[{"href":"https:\/\/melaniedubois.com\/fr\/wp-json\/wp\/v2\/media?parent=2520"}],"curies":[{"name":"wp","href":"https:\/\/api.w.org\/{rel}","templated":true}]}}