{"id":550,"date":"2015-11-24T19:23:08","date_gmt":"2015-11-25T00:23:08","guid":{"rendered":"\/?page_id=550"},"modified":"2016-03-16T20:04:03","modified_gmt":"2016-03-17T00:04:03","slug":"demande-envoyee","status":"publish","type":"page","link":"https:\/\/melaniedubois.com\/fr\/proprietes-a-vendre-a-louer\/demande-envoyee\/","title":{"rendered":"Demande envoy\u00e9e"},"content":{"rendered":"<p><strong><span style=\"color: #993300\">Merci !<\/span><\/strong><\/p>\n<p><span style=\"color: #993300\">Votre message a bien \u00e9t\u00e9 envoy\u00e9 !<br \/>\nNous vous contacterons d\u00e8s que possible.<\/span><\/p>\n<p><span style=\"color: #ff6600\">L&rsquo;\u00e9quipe M\u00e9lanie Dubois<\/span><\/p>\n<h3><span style=\"color: #800000\"><strong><a style=\"color: #800000\" href=\"\/proprietes-a-vendre-a-louer\/\">Voir nos propri\u00e9t\u00e9s maintenant !<\/a><\/strong><\/span><\/h3>\n<p><\/p>","protected":false},"excerpt":{"rendered":"<p>Merci ! Votre message a bien \u00e9t\u00e9 envoy\u00e9 ! Nous vous contacterons d\u00e8s que possible. L&rsquo;\u00e9quipe M\u00e9lanie Dubois Voir nos propri\u00e9t\u00e9s maintenant !<\/p>\n","protected":false},"author":1156,"featured_media":0,"parent":28,"menu_order":99,"comment_status":"closed","ping_status":"closed","template":"","meta":{"_acf_changed":false,"footnotes":""},"class_list":["post-550","page","type-page","status-publish","hentry"],"acf":[],"yoast_head":"<!-- This site is optimized with the Yoast SEO plugin v26.7 - https:\/\/yoast.com\/wordpress\/plugins\/seo\/ -->\n<title>Demande envoy\u00e9e - \u00c9quipe M\u00e9lanie Dubois<\/title>\n<meta name=\"robots\" content=\"index, follow, max-snippet:-1, max-image-preview:large, max-video-preview:-1\" \/>\n<link rel=\"canonical\" href=\"https:\/\/melaniedubois.com\/fr\/proprietes-a-vendre-a-louer\/demande-envoyee\/\" \/>\n<meta property=\"og:locale\" content=\"fr_FR\" \/>\n<meta property=\"og:type\" content=\"article\" \/>\n<meta property=\"og:title\" content=\"Demande envoy\u00e9e - \u00c9quipe M\u00e9lanie Dubois\" \/>\n<meta property=\"og:description\" content=\"Merci ! Votre message a bien \u00e9t\u00e9 envoy\u00e9 ! Nous vous contacterons d\u00e8s que possible. L&rsquo;\u00e9quipe M\u00e9lanie Dubois Voir nos propri\u00e9t\u00e9s maintenant !\" \/>\n<meta property=\"og:url\" content=\"https:\/\/melaniedubois.com\/fr\/proprietes-a-vendre-a-louer\/demande-envoyee\/\" \/>\n<meta property=\"og:site_name\" content=\"\u00c9quipe M\u00e9lanie Dubois\" \/>\n<meta property=\"article:modified_time\" content=\"2016-03-17T00:04:03+00:00\" \/>\n<meta property=\"og:image\" content=\"https:\/\/melaniedubois.com\/files\/2023\/09\/Melanie-Dubois_Partage.png\" \/>\n\t<meta property=\"og:image:width\" content=\"683\" \/>\n\t<meta property=\"og:image:height\" content=\"351\" \/>\n\t<meta property=\"og:image:type\" content=\"image\/png\" \/>\n<meta name=\"twitter:card\" content=\"summary_large_image\" \/>\n<script type=\"application\/ld+json\" class=\"yoast-schema-graph\">{\"@context\":\"https:\/\/schema.org\",\"@graph\":[{\"@type\":\"WebPage\",\"@id\":\"https:\/\/melaniedubois.com\/fr\/proprietes-a-vendre-a-louer\/demande-envoyee\/\",\"url\":\"https:\/\/melaniedubois.com\/fr\/proprietes-a-vendre-a-louer\/demande-envoyee\/\",\"name\":\"[:fr]Demande envoy\u00e9e[:en]Request completed[:] - \u00c9quipe M\u00e9lanie Dubois\",\"isPartOf\":{\"@id\":\"https:\/\/melaniedubois.com\/en\/#website\"},\"datePublished\":\"2015-11-25T00:23:08+00:00\",\"dateModified\":\"2016-03-17T00:04:03+00:00\",\"breadcrumb\":{\"@id\":\"https:\/\/melaniedubois.com\/fr\/proprietes-a-vendre-a-louer\/demande-envoyee\/#breadcrumb\"},\"inLanguage\":\"fr-FR\",\"potentialAction\":[{\"@type\":\"ReadAction\",\"target\":[\"https:\/\/melaniedubois.com\/fr\/proprietes-a-vendre-a-louer\/demande-envoyee\/\"]}]},{\"@type\":\"BreadcrumbList\",\"@id\":\"https:\/\/melaniedubois.com\/fr\/proprietes-a-vendre-a-louer\/demande-envoyee\/#breadcrumb\",\"itemListElement\":[{\"@type\":\"ListItem\",\"position\":1,\"name\":\"Accueil\",\"item\":\"https:\/\/melaniedubois.com\/en\/\"},{\"@type\":\"ListItem\",\"position\":2,\"name\":\"Propri\u00e9t\u00e9s\",\"item\":\"https:\/\/melaniedubois.com\/fr\/proprietes-a-vendre-a-louer\/\"},{\"@type\":\"ListItem\",\"position\":3,\"name\":\"Demande envoy\u00e9e\"}]},{\"@type\":\"WebSite\",\"@id\":\"https:\/\/melaniedubois.com\/en\/#website\",\"url\":\"https:\/\/melaniedubois.com\/en\/\",\"name\":\"\u00c9quipe M\u00e9lanie Dubois\",\"description\":\"Courtier immobilier Montr\u00e9al, KW Connexion\",\"potentialAction\":[{\"@type\":\"SearchAction\",\"target\":{\"@type\":\"EntryPoint\",\"urlTemplate\":\"https:\/\/melaniedubois.com\/en\/?s={search_term_string}\"},\"query-input\":{\"@type\":\"PropertyValueSpecification\",\"valueRequired\":true,\"valueName\":\"search_term_string\"}}],\"inLanguage\":\"fr-FR\"}]}<\/script>\n<!-- \/ Yoast SEO plugin. -->","yoast_head_json":{"title":"Demande envoy\u00e9e - \u00c9quipe M\u00e9lanie Dubois","robots":{"index":"index","follow":"follow","max-snippet":"max-snippet:-1","max-image-preview":"max-image-preview:large","max-video-preview":"max-video-preview:-1"},"canonical":"https:\/\/melaniedubois.com\/fr\/proprietes-a-vendre-a-louer\/demande-envoyee\/","og_locale":"fr_FR","og_type":"article","og_title":"Demande envoy\u00e9e - \u00c9quipe M\u00e9lanie Dubois","og_description":"Merci ! Votre message a bien \u00e9t\u00e9 envoy\u00e9 ! Nous vous contacterons d\u00e8s que possible. L&rsquo;\u00e9quipe M\u00e9lanie Dubois Voir nos propri\u00e9t\u00e9s maintenant !","og_url":"https:\/\/melaniedubois.com\/fr\/proprietes-a-vendre-a-louer\/demande-envoyee\/","og_site_name":"\u00c9quipe M\u00e9lanie Dubois","article_modified_time":"2016-03-17T00:04:03+00:00","og_image":[{"width":683,"height":351,"url":"https:\/\/melaniedubois.com\/files\/2023\/09\/Melanie-Dubois_Partage.png","type":"image\/png"}],"twitter_card":"summary_large_image","schema":{"@context":"https:\/\/schema.org","@graph":[{"@type":"WebPage","@id":"https:\/\/melaniedubois.com\/fr\/proprietes-a-vendre-a-louer\/demande-envoyee\/","url":"https:\/\/melaniedubois.com\/fr\/proprietes-a-vendre-a-louer\/demande-envoyee\/","name":"[:fr]Demande envoy\u00e9e[:en]Request completed[:] - \u00c9quipe M\u00e9lanie Dubois","isPartOf":{"@id":"https:\/\/melaniedubois.com\/en\/#website"},"datePublished":"2015-11-25T00:23:08+00:00","dateModified":"2016-03-17T00:04:03+00:00","breadcrumb":{"@id":"https:\/\/melaniedubois.com\/fr\/proprietes-a-vendre-a-louer\/demande-envoyee\/#breadcrumb"},"inLanguage":"fr-FR","potentialAction":[{"@type":"ReadAction","target":["https:\/\/melaniedubois.com\/fr\/proprietes-a-vendre-a-louer\/demande-envoyee\/"]}]},{"@type":"BreadcrumbList","@id":"https:\/\/melaniedubois.com\/fr\/proprietes-a-vendre-a-louer\/demande-envoyee\/#breadcrumb","itemListElement":[{"@type":"ListItem","position":1,"name":"Accueil","item":"https:\/\/melaniedubois.com\/en\/"},{"@type":"ListItem","position":2,"name":"Propri\u00e9t\u00e9s","item":"https:\/\/melaniedubois.com\/fr\/proprietes-a-vendre-a-louer\/"},{"@type":"ListItem","position":3,"name":"Demande envoy\u00e9e"}]},{"@type":"WebSite","@id":"https:\/\/melaniedubois.com\/en\/#website","url":"https:\/\/melaniedubois.com\/en\/","name":"\u00c9quipe M\u00e9lanie Dubois","description":"Courtier immobilier Montr\u00e9al, KW Connexion","potentialAction":[{"@type":"SearchAction","target":{"@type":"EntryPoint","urlTemplate":"https:\/\/melaniedubois.com\/en\/?s={search_term_string}"},"query-input":{"@type":"PropertyValueSpecification","valueRequired":true,"valueName":"search_term_string"}}],"inLanguage":"fr-FR"}]}},"_links":{"self":[{"href":"https:\/\/melaniedubois.com\/fr\/wp-json\/wp\/v2\/pages\/550","targetHints":{"allow":["GET"]}}],"collection":[{"href":"https:\/\/melaniedubois.com\/fr\/wp-json\/wp\/v2\/pages"}],"about":[{"href":"https:\/\/melaniedubois.com\/fr\/wp-json\/wp\/v2\/types\/page"}],"author":[{"embeddable":true,"href":"https:\/\/melaniedubois.com\/fr\/wp-json\/wp\/v2\/users\/1156"}],"replies":[{"embeddable":true,"href":"https:\/\/melaniedubois.com\/fr\/wp-json\/wp\/v2\/comments?post=550"}],"version-history":[{"count":2,"href":"https:\/\/melaniedubois.com\/fr\/wp-json\/wp\/v2\/pages\/550\/revisions"}],"predecessor-version":[{"id":558,"href":"https:\/\/melaniedubois.com\/fr\/wp-json\/wp\/v2\/pages\/550\/revisions\/558"}],"up":[{"embeddable":true,"href":"https:\/\/melaniedubois.com\/fr\/wp-json\/wp\/v2\/pages\/28"}],"wp:attachment":[{"href":"https:\/\/melaniedubois.com\/fr\/wp-json\/wp\/v2\/media?parent=550"}],"curies":[{"name":"wp","href":"https:\/\/api.w.org\/{rel}","templated":true}]}}