{"id":999,"date":"2017-05-01T15:16:00","date_gmt":"2017-05-01T19:16:00","guid":{"rendered":"\/?page_id=999"},"modified":"2017-10-26T10:04:16","modified_gmt":"2017-10-26T14:04:16","slug":"statistiques-montreal","status":"publish","type":"page","link":"https:\/\/melaniedubois.com\/fr\/info\/statistiques-montreal\/","title":{"rendered":"Formulaire g\u00e9n\u00e9ral MTL"},"content":{"rendered":"<p><\/p>\n<div id=\"landing_fade_content\" class=\"landing_vieux_montreal\">\n<div class=\"title\">STATISTIQUES MONTR\u00c9AL<\/div>\n<div class=\"info\">\n<div>Si vous d\u00e9sirez recevoir les statistiques du march\u00e9, n\u2019h\u00e9sitez pas \u00e0 vous inscrire.<br \/>\n<span class=\"accent\">Nous sommes tr\u00e8s heureux de les partager avec vous !<\/span><\/div>\n<\/div>\n<script type=\"text\/javascript\">\n\/* <![CDATA[ *\/\n\n\/\/----------------------------------------------------------\n\/\/------ JAVASCRIPT HOOK FUNCTIONS FOR GRAVITY FORMS -------\n\/\/----------------------------------------------------------\n\nif ( ! gform ) {\n\tdocument.addEventListener( 'gform_main_scripts_loaded', function() { gform.scriptsLoaded = true; } );\n\tdocument.addEventListener( 'gform\/theme\/scripts_loaded', function() { gform.themeScriptsLoaded = true; } );\n\twindow.addEventListener( 'DOMContentLoaded', function() { gform.domLoaded = true; } );\n\n\tvar gform = {\n\t\tdomLoaded: false,\n\t\tscriptsLoaded: false,\n\t\tthemeScriptsLoaded: false,\n\t\tisFormEditor: () => typeof InitializeEditor === 'function',\n\n\t\t\/**\n\t\t * @deprecated 2.9 the use of initializeOnLoaded in the form editor context is deprecated.\n\t\t * @remove-in 4.0 this function will not check for gform.isFormEditor().\n\t\t *\/\n\t\tcallIfLoaded: function ( fn ) {\n\t\t\tif ( gform.domLoaded && gform.scriptsLoaded && ( gform.themeScriptsLoaded || gform.isFormEditor() ) ) {\n\t\t\t\tif ( gform.isFormEditor() ) {\n\t\t\t\t\tconsole.warn( 'The use of gform.initializeOnLoaded() is deprecated in the form editor context and will be removed in Gravity Forms 3.1.' );\n\t\t\t\t}\n\t\t\t\tfn();\n\t\t\t\treturn true;\n\t\t\t}\n\t\t\treturn false;\n\t\t},\n\n\t\t\/**\n\t\t * Call a function when all scripts are loaded\n\t\t *\n\t\t * @param function fn the callback function to call when all scripts are loaded\n\t\t *\n\t\t * @returns void\n\t\t *\/\n\t\tinitializeOnLoaded: function( fn ) {\n\t\t\tif ( ! gform.callIfLoaded( fn ) ) {\n\t\t\t\tdocument.addEventListener( 'gform_main_scripts_loaded', () => { gform.scriptsLoaded = true; gform.callIfLoaded( fn ); } );\n\t\t\t\tdocument.addEventListener( 'gform\/theme\/scripts_loaded', () => { gform.themeScriptsLoaded = true; gform.callIfLoaded( fn ); } );\n\t\t\t\twindow.addEventListener( 'DOMContentLoaded', () => { gform.domLoaded = true; gform.callIfLoaded( fn ); } );\n\t\t\t}\n\t\t},\n\n\t\thooks: { action: {}, filter: {} },\n\t\taddAction: function( action, callable, priority, tag ) {\n\t\t\tgform.addHook( 'action', action, callable, priority, tag );\n\t\t},\n\t\taddFilter: function( action, callable, priority, tag ) {\n\t\t\tgform.addHook( 'filter', action, callable, priority, tag );\n\t\t},\n\t\tdoAction: function( action ) {\n\t\t\tgform.doHook( 'action', action, arguments );\n\t\t},\n\t\tapplyFilters: function( action ) {\n\t\t\treturn gform.doHook( 'filter', action, arguments );\n\t\t},\n\t\tremoveAction: function( action, tag ) {\n\t\t\tgform.removeHook( 'action', action, tag );\n\t\t},\n\t\tremoveFilter: function( action, priority, tag ) {\n\t\t\tgform.removeHook( 'filter', action, priority, tag );\n\t\t},\n\t\taddHook: function( hookType, action, callable, priority, tag ) {\n\t\t\tif ( undefined == gform.hooks[hookType][action] ) {\n\t\t\t\tgform.hooks[hookType][action] = [];\n\t\t\t}\n\t\t\tvar hooks = gform.hooks[hookType][action];\n\t\t\tif ( undefined == tag ) {\n\t\t\t\ttag = action + '_' + hooks.length;\n\t\t\t}\n\t\t\tif( priority == undefined ){\n\t\t\t\tpriority = 10;\n\t\t\t}\n\n\t\t\tgform.hooks[hookType][action].push( { tag:tag, callable:callable, priority:priority } );\n\t\t},\n\t\tdoHook: function( hookType, action, args ) {\n\n\t\t\t\/\/ splice args from object into array and remove first index which is the hook name\n\t\t\targs = Array.prototype.slice.call(args, 1);\n\n\t\t\tif ( undefined != gform.hooks[hookType][action] ) {\n\t\t\t\tvar hooks = gform.hooks[hookType][action], hook;\n\t\t\t\t\/\/sort by priority\n\t\t\t\thooks.sort(function(a,b){return a[\"priority\"]-b[\"priority\"]});\n\n\t\t\t\thooks.forEach( function( hookItem ) {\n\t\t\t\t\thook = hookItem.callable;\n\n\t\t\t\t\tif(typeof hook != 'function')\n\t\t\t\t\t\thook = window[hook];\n\t\t\t\t\tif ( 'action' == hookType ) {\n\t\t\t\t\t\thook.apply(null, args);\n\t\t\t\t\t} else {\n\t\t\t\t\t\targs[0] = hook.apply(null, args);\n\t\t\t\t\t}\n\t\t\t\t} );\n\t\t\t}\n\t\t\tif ( 'filter'==hookType ) {\n\t\t\t\treturn args[0];\n\t\t\t}\n\t\t},\n\t\tremoveHook: function( hookType, action, priority, tag ) {\n\t\t\tif ( undefined != gform.hooks[hookType][action] ) {\n\t\t\t\tvar hooks = gform.hooks[hookType][action];\n\t\t\t\thooks = hooks.filter( function(hook, index, arr) {\n\t\t\t\t\tvar removeHook = (undefined==tag||tag==hook.tag) && (undefined==priority||priority==hook.priority);\n\t\t\t\t\treturn !removeHook;\n\t\t\t\t} );\n\t\t\t\tgform.hooks[hookType][action] = hooks;\n\t\t\t}\n\t\t}\n\t};\n}\n\n\/* ]]> *\/\n<\/script>\n\n                <div class='gf_browser_gecko gform_wrapper gform_legacy_markup_wrapper gform-theme--no-framework' data-form-theme='legacy' data-form-index='0' id='gform_wrapper_47' ><form method='post' enctype='multipart\/form-data'  id='gform_47'  action='\/fr\/wp-json\/wp\/v2\/pages\/999' data-formid='47' novalidate>\n                        <div class='gform-body gform_body'><ul id='gform_fields_47' class='gform_fields top_label form_sublabel_below description_below validation_below'><li id=\"field_47_7\" class=\"gfield gfield--type-text field_sublabel_below gfield--no-description field_description_below field_validation_below gfield_visibility_visible\"  ><label class='gfield_label gform-field-label' for='input_47_7'>Nom, Pr\u00e9nom<\/label><div class='ginput_container ginput_container_text'><input name='input_7' id='input_47_7' type='text' value='' class='large'    placeholder='Nom, Pr\u00e9nom'  aria-invalid=\"false\"   \/><\/div><\/li><li id=\"field_47_6\" class=\"gfield gfield--type-phone gf_left_half field_sublabel_below gfield--no-description field_description_below field_validation_below gfield_visibility_visible\"  ><label class='gfield_label gform-field-label' for='input_47_6'>Votre t\u00e9l\u00e9phone<\/label><div class='ginput_container ginput_container_phone'><input name='input_6' id='input_47_6' type='tel' value='' class='medium'  placeholder='Votre t\u00e9l\u00e9phone'  aria-invalid=\"false\"   \/><\/div><\/li><li id=\"field_47_3\" class=\"gfield gfield--type-email gf_right_half gfield_contains_required field_sublabel_below gfield--no-description field_description_below field_validation_below gfield_visibility_visible\"  ><label class='gfield_label gform-field-label' for='input_47_3'>Votre courriel<span class=\"gfield_required\"><span class=\"gfield_required gfield_required_asterisk\">*<\/span><\/span><\/label><div class='ginput_container ginput_container_email'>\n                            <input name='input_3' id='input_47_3' type='email' value='' class='medium'   placeholder='Votre courriel' aria-required=\"true\" aria-invalid=\"false\"  \/>\n                        <\/div><\/li><li id=\"field_47_5\" class=\"gfield gfield--type-html description gfield_html gfield_no_follows_desc field_sublabel_below gfield--no-description field_description_below field_validation_below gfield_visibility_visible\"  >gratuit et sans obligation<\/li><li id=\"field_47_8\" class=\"gfield gfield--type-select gfield_contains_required field_sublabel_below gfield--no-description field_description_below field_validation_below gfield_visibility_visible\"  ><label class='gfield_label gform-field-label' for='input_47_8'>Veuillez indiquer votre secteur<span class=\"gfield_required\"><span class=\"gfield_required gfield_required_asterisk\">*<\/span><\/span><\/label><div class='ginput_container ginput_container_select'><select name='input_8' id='input_47_8' class='large gfield_select'    aria-required=\"true\" aria-invalid=\"false\" ><option value='Ahuntsic-Cartierville' >Ahuntsic-Cartierville<\/option><option value='Anjou' >Anjou<\/option><option value='Cu00f4te-des-Neiges \/ Notre-Dame-de-Gru00e2ce' >Cu00f4te-des-Neiges \/ Notre-Dame-de-Gru00e2ce<\/option><option value='Lachine' >Lachine<\/option><option value='LaSalle' >LaSalle<\/option><option value='Le Plateau Mont-Royal' >Le Plateau Mont-Royal<\/option><option value='Le Sud-Ouest' >Le Sud-Ouest<\/option><option value='L&#039;u00cele-Bizardu2013Sainte-Genevi\u00e8ve' >L&#039;u00cele-Bizardu2013Sainte-Genevi\u00e8ve<\/option><option value='Mercieru2013Hochelaga-Maisonneuve' >Mercieru2013Hochelaga-Maisonneuve<\/option><option value='Montr\u00e9al-Nord' >Montr\u00e9al-Nord<\/option><option value='Outremont' >Outremont<\/option><option value='Pierrefonds-Roxboro' >Pierrefonds-Roxboro<\/option><option value='Rivi\u00e8re-des-Prairiesu2013Pointe-aux-Trembles' >Rivi\u00e8re-des-Prairiesu2013Pointe-aux-Trembles<\/option><option value='Rosemontu2013La Petite-Patrie' >Rosemontu2013La Petite-Patrie<\/option><option value='Saint-Laurent' >Saint-Laurent<\/option><option value='Saint-L\u00e9onard' >Saint-L\u00e9onard<\/option><option value='Verdun' >Verdun<\/option><option value='Ville-Marie' >Ville-Marie<\/option><option value='Villerayu2013Saint-Michelu2013Parc-Extension' >Villerayu2013Saint-Michelu2013Parc-Extension<\/option><\/select><\/div><\/li><\/ul><\/div>\n        <div class='gform-footer gform_footer top_label'> <input type='submit' id='gform_submit_button_47' class='gform_button button' onclick='gform.submission.handleButtonClick(this);' data-submission-type='submit' value='GO'  \/> \n            <input type='hidden' class='gform_hidden' name='gform_submission_method' data-js='gform_submission_method_47' value='postback' \/>\n            <input type='hidden' class='gform_hidden' name='gform_theme' data-js='gform_theme_47' id='gform_theme_47' value='legacy' \/>\n            <input type='hidden' class='gform_hidden' name='gform_style_settings' data-js='gform_style_settings_47' id='gform_style_settings_47' value='[]' \/>\n            <input type='hidden' class='gform_hidden' name='is_submit_47' value='1' \/>\n            <input type='hidden' class='gform_hidden' name='gform_submit' value='47' \/>\n            \n            <input type='hidden' class='gform_hidden' name='gform_currency' data-currency='USD' value='3u5XXCCH2Jv8QS8I2rFA+a2UoCLmofwsH0bzJWOuF5iM7\/TKQhPtS3nzDwaPdyA9GYB04ho02nTHfuRRZiZ50Q38mXCrl4elrZbzhakIyKH9fSM=' \/>\n            <input type='hidden' class='gform_hidden' name='gform_unique_id' value='' \/>\n            <input type='hidden' class='gform_hidden' name='state_47' value='WyJbXSIsImFjOTk3YTc1ZmYzYjhmYmYwYmQ3MjE5MzRkMGUyYjg2Il0=' \/>\n            <input type='hidden' autocomplete='off' class='gform_hidden' name='gform_target_page_number_47' id='gform_target_page_number_47' value='0' \/>\n            <input type='hidden' autocomplete='off' class='gform_hidden' name='gform_source_page_number_47' id='gform_source_page_number_47' value='1' \/>\n            <input type='hidden' name='gform_field_values' value='' \/>\n            \n        <\/div>\n                        <\/form>\n                        <\/div><script type=\"text\/javascript\">\n\/* <![CDATA[ *\/\n gform.initializeOnLoaded( function() {gformInitSpinner( 47, 'https:\/\/melaniedubois.com\/wp-content\/plugins\/gravityforms\/images\/spinner.svg', true );jQuery('#gform_ajax_frame_47').on('load',function(){var contents = jQuery(this).contents().find('*').html();var is_postback = contents.indexOf('GF_AJAX_POSTBACK') >= 0;if(!is_postback){return;}var form_content = jQuery(this).contents().find('#gform_wrapper_47');var is_confirmation = jQuery(this).contents().find('#gform_confirmation_wrapper_47').length > 0;var is_redirect = contents.indexOf('gformRedirect(){') >= 0;var is_form = form_content.length > 0 && ! is_redirect && ! is_confirmation;var mt = parseInt(jQuery('html').css('margin-top'), 10) + parseInt(jQuery('body').css('margin-top'), 10) + 100;if(is_form){jQuery('#gform_wrapper_47').html(form_content.html());if(form_content.hasClass('gform_validation_error')){jQuery('#gform_wrapper_47').addClass('gform_validation_error');} else {jQuery('#gform_wrapper_47').removeClass('gform_validation_error');}setTimeout( function() { \/* delay the scroll by 50 milliseconds to fix a bug in chrome *\/  }, 50 );if(window['gformInitDatepicker']) {gformInitDatepicker();}if(window['gformInitPriceFields']) {gformInitPriceFields();}var current_page = jQuery('#gform_source_page_number_47').val();gformInitSpinner( 47, 'https:\/\/melaniedubois.com\/wp-content\/plugins\/gravityforms\/images\/spinner.svg', true );jQuery(document).trigger('gform_page_loaded', [47, current_page]);window['gf_submitting_47'] = false;}else if(!is_redirect){var confirmation_content = jQuery(this).contents().find('.GF_AJAX_POSTBACK').html();if(!confirmation_content){confirmation_content = contents;}jQuery('#gform_wrapper_47').replaceWith(confirmation_content);jQuery(document).trigger('gform_confirmation_loaded', [47]);window['gf_submitting_47'] = false;wp.a11y.speak(jQuery('#gform_confirmation_message_47').text());}else{jQuery('#gform_47').append(contents);if(window['gformRedirect']) {gformRedirect();}}jQuery(document).trigger(\"gform_pre_post_render\", [{ formId: \"47\", currentPage: \"current_page\", abort: function() { this.preventDefault(); } }]);        if (event && event.defaultPrevented) {                return;        }        const gformWrapperDiv = document.getElementById( \"gform_wrapper_47\" );        if ( gformWrapperDiv ) {            const visibilitySpan = document.createElement( \"span\" );            visibilitySpan.id = \"gform_visibility_test_47\";            gformWrapperDiv.insertAdjacentElement( \"afterend\", visibilitySpan );        }        const visibilityTestDiv = document.getElementById( \"gform_visibility_test_47\" );        let postRenderFired = false;        function triggerPostRender() {            if ( postRenderFired ) {                return;            }            postRenderFired = true;            gform.core.triggerPostRenderEvents( 47, current_page );            if ( visibilityTestDiv ) {                visibilityTestDiv.parentNode.removeChild( visibilityTestDiv );            }        }        function debounce( func, wait, immediate ) {            var timeout;            return function() {                var context = this, args = arguments;                var later = function() {                    timeout = null;                    if ( !immediate ) func.apply( context, args );                };                var callNow = immediate && !timeout;                clearTimeout( timeout );                timeout = setTimeout( later, wait );                if ( callNow ) func.apply( context, args );            };        }        const debouncedTriggerPostRender = debounce( function() {            triggerPostRender();        }, 200 );        if ( visibilityTestDiv && visibilityTestDiv.offsetParent === null ) {            const observer = new MutationObserver( ( mutations ) => {                mutations.forEach( ( mutation ) => {                    if ( mutation.type === 'attributes' && visibilityTestDiv.offsetParent !== null ) {                        debouncedTriggerPostRender();                        observer.disconnect();                    }                });            });            observer.observe( document.body, {                attributes: true,                childList: false,                subtree: true,                attributeFilter: [ 'style', 'class' ],            });        } else {            triggerPostRender();        }    } );} ); \n\/* ]]> *\/\n<\/script>\n\n<\/div>\n<div class=\"landing_footer\">\n<div class=\"info\">\n<div class=\"team\"><img decoding=\"async\" src=\"\/files\/2016\/04\/KWUrbain-MelanieDubois-CourtierImmobilier_white.png\" alt=\"\" \/><\/div>\n<div class=\"logo\"><\/div>\n<\/div>\n<\/div>\n<p><\/p>","protected":false},"excerpt":{"rendered":"<p>STATISTIQUES MONTR\u00c9AL Si vous d\u00e9sirez recevoir les statistiques du march\u00e9, n\u2019h\u00e9sitez pas \u00e0 vous inscrire. Nous sommes tr\u00e8s heureux de les partager avec vous !<\/p>\n","protected":false},"author":632,"featured_media":1004,"parent":713,"menu_order":0,"comment_status":"closed","ping_status":"closed","template":"page-templates\/landing_page_minimalist.php","meta":{"_acf_changed":false,"footnotes":""},"class_list":["post-999","page","type-page","status-publish","hentry"],"acf":[],"yoast_head":"<!-- This site is optimized with the Yoast SEO plugin v26.7 - https:\/\/yoast.com\/wordpress\/plugins\/seo\/ -->\n<title>Formulaire g\u00e9n\u00e9ral MTL - \u00c9quipe M\u00e9lanie Dubois<\/title>\n<meta name=\"robots\" content=\"index, follow, max-snippet:-1, max-image-preview:large, max-video-preview:-1\" \/>\n<link rel=\"canonical\" href=\"https:\/\/melaniedubois.com\/fr\/info\/statistiques-montreal\/\" \/>\n<meta property=\"og:locale\" content=\"fr_FR\" \/>\n<meta property=\"og:type\" content=\"article\" \/>\n<meta property=\"og:title\" content=\"Formulaire g\u00e9n\u00e9ral MTL - \u00c9quipe M\u00e9lanie Dubois\" \/>\n<meta property=\"og:description\" content=\"STATISTIQUES MONTR\u00c9AL Si vous d\u00e9sirez recevoir les statistiques du march\u00e9, n\u2019h\u00e9sitez pas \u00e0 vous inscrire. Nous sommes tr\u00e8s heureux de les partager avec vous !\" \/>\n<meta property=\"og:url\" content=\"https:\/\/melaniedubois.com\/fr\/info\/statistiques-montreal\/\" \/>\n<meta property=\"og:site_name\" content=\"\u00c9quipe M\u00e9lanie Dubois\" \/>\n<meta property=\"article:modified_time\" content=\"2017-10-26T14:04:16+00:00\" \/>\n<meta property=\"og:image\" content=\"https:\/\/melaniedubois.com\/files\/2017\/05\/city-264347-1024x576.jpg\" \/>\n\t<meta property=\"og:image:width\" content=\"1024\" \/>\n\t<meta property=\"og:image:height\" content=\"576\" \/>\n\t<meta property=\"og:image:type\" content=\"image\/jpeg\" \/>\n<meta name=\"twitter:card\" content=\"summary_large_image\" \/>\n<script type=\"application\/ld+json\" class=\"yoast-schema-graph\">{\"@context\":\"https:\/\/schema.org\",\"@graph\":[{\"@type\":\"WebPage\",\"@id\":\"https:\/\/melaniedubois.com\/fr\/info\/statistiques-montreal\/\",\"url\":\"https:\/\/melaniedubois.com\/fr\/info\/statistiques-montreal\/\",\"name\":\"[:fr]Formulaire g\u00e9n\u00e9ral MTL[:] - \u00c9quipe M\u00e9lanie Dubois\",\"isPartOf\":{\"@id\":\"https:\/\/melaniedubois.com\/en\/#website\"},\"primaryImageOfPage\":{\"@id\":\"https:\/\/melaniedubois.com\/fr\/info\/statistiques-montreal\/#primaryimage\"},\"image\":{\"@id\":\"https:\/\/melaniedubois.com\/fr\/info\/statistiques-montreal\/#primaryimage\"},\"thumbnailUrl\":\"https:\/\/melaniedubois.com\/files\/2017\/05\/city-264347.jpg\",\"datePublished\":\"2017-05-01T19:16:00+00:00\",\"dateModified\":\"2017-10-26T14:04:16+00:00\",\"breadcrumb\":{\"@id\":\"https:\/\/melaniedubois.com\/fr\/info\/statistiques-montreal\/#breadcrumb\"},\"inLanguage\":\"fr-FR\",\"potentialAction\":[{\"@type\":\"ReadAction\",\"target\":[\"https:\/\/melaniedubois.com\/fr\/info\/statistiques-montreal\/\"]}]},{\"@type\":\"ImageObject\",\"inLanguage\":\"fr-FR\",\"@id\":\"https:\/\/melaniedubois.com\/fr\/info\/statistiques-montreal\/#primaryimage\",\"url\":\"https:\/\/melaniedubois.com\/files\/2017\/05\/city-264347.jpg\",\"contentUrl\":\"https:\/\/melaniedubois.com\/files\/2017\/05\/city-264347.jpg\",\"width\":4884,\"height\":2747},{\"@type\":\"BreadcrumbList\",\"@id\":\"https:\/\/melaniedubois.com\/fr\/info\/statistiques-montreal\/#breadcrumb\",\"itemListElement\":[{\"@type\":\"ListItem\",\"position\":1,\"name\":\"Accueil\",\"item\":\"https:\/\/melaniedubois.com\/en\/\"},{\"@type\":\"ListItem\",\"position\":2,\"name\":\"Landings\",\"item\":\"https:\/\/melaniedubois.com\/en\/info\/\"},{\"@type\":\"ListItem\",\"position\":3,\"name\":\"Formulaire g\u00e9n\u00e9ral MTL\"}]},{\"@type\":\"WebSite\",\"@id\":\"https:\/\/melaniedubois.com\/en\/#website\",\"url\":\"https:\/\/melaniedubois.com\/en\/\",\"name\":\"\u00c9quipe M\u00e9lanie Dubois\",\"description\":\"Courtier immobilier Montr\u00e9al, KW Connexion\",\"potentialAction\":[{\"@type\":\"SearchAction\",\"target\":{\"@type\":\"EntryPoint\",\"urlTemplate\":\"https:\/\/melaniedubois.com\/en\/?s={search_term_string}\"},\"query-input\":{\"@type\":\"PropertyValueSpecification\",\"valueRequired\":true,\"valueName\":\"search_term_string\"}}],\"inLanguage\":\"fr-FR\"}]}<\/script>\n<!-- \/ Yoast SEO plugin. -->","yoast_head_json":{"title":"Formulaire g\u00e9n\u00e9ral MTL - \u00c9quipe M\u00e9lanie Dubois","robots":{"index":"index","follow":"follow","max-snippet":"max-snippet:-1","max-image-preview":"max-image-preview:large","max-video-preview":"max-video-preview:-1"},"canonical":"https:\/\/melaniedubois.com\/fr\/info\/statistiques-montreal\/","og_locale":"fr_FR","og_type":"article","og_title":"Formulaire g\u00e9n\u00e9ral MTL - \u00c9quipe M\u00e9lanie Dubois","og_description":"STATISTIQUES MONTR\u00c9AL Si vous d\u00e9sirez recevoir les statistiques du march\u00e9, n\u2019h\u00e9sitez pas \u00e0 vous inscrire. Nous sommes tr\u00e8s heureux de les partager avec vous !","og_url":"https:\/\/melaniedubois.com\/fr\/info\/statistiques-montreal\/","og_site_name":"\u00c9quipe M\u00e9lanie Dubois","article_modified_time":"2017-10-26T14:04:16+00:00","og_image":[{"width":1024,"height":576,"url":"https:\/\/melaniedubois.com\/files\/2017\/05\/city-264347-1024x576.jpg","type":"image\/jpeg"}],"twitter_card":"summary_large_image","schema":{"@context":"https:\/\/schema.org","@graph":[{"@type":"WebPage","@id":"https:\/\/melaniedubois.com\/fr\/info\/statistiques-montreal\/","url":"https:\/\/melaniedubois.com\/fr\/info\/statistiques-montreal\/","name":"[:fr]Formulaire g\u00e9n\u00e9ral MTL[:] - \u00c9quipe M\u00e9lanie Dubois","isPartOf":{"@id":"https:\/\/melaniedubois.com\/en\/#website"},"primaryImageOfPage":{"@id":"https:\/\/melaniedubois.com\/fr\/info\/statistiques-montreal\/#primaryimage"},"image":{"@id":"https:\/\/melaniedubois.com\/fr\/info\/statistiques-montreal\/#primaryimage"},"thumbnailUrl":"https:\/\/melaniedubois.com\/files\/2017\/05\/city-264347.jpg","datePublished":"2017-05-01T19:16:00+00:00","dateModified":"2017-10-26T14:04:16+00:00","breadcrumb":{"@id":"https:\/\/melaniedubois.com\/fr\/info\/statistiques-montreal\/#breadcrumb"},"inLanguage":"fr-FR","potentialAction":[{"@type":"ReadAction","target":["https:\/\/melaniedubois.com\/fr\/info\/statistiques-montreal\/"]}]},{"@type":"ImageObject","inLanguage":"fr-FR","@id":"https:\/\/melaniedubois.com\/fr\/info\/statistiques-montreal\/#primaryimage","url":"https:\/\/melaniedubois.com\/files\/2017\/05\/city-264347.jpg","contentUrl":"https:\/\/melaniedubois.com\/files\/2017\/05\/city-264347.jpg","width":4884,"height":2747},{"@type":"BreadcrumbList","@id":"https:\/\/melaniedubois.com\/fr\/info\/statistiques-montreal\/#breadcrumb","itemListElement":[{"@type":"ListItem","position":1,"name":"Accueil","item":"https:\/\/melaniedubois.com\/en\/"},{"@type":"ListItem","position":2,"name":"Landings","item":"https:\/\/melaniedubois.com\/en\/info\/"},{"@type":"ListItem","position":3,"name":"Formulaire g\u00e9n\u00e9ral MTL"}]},{"@type":"WebSite","@id":"https:\/\/melaniedubois.com\/en\/#website","url":"https:\/\/melaniedubois.com\/en\/","name":"\u00c9quipe M\u00e9lanie Dubois","description":"Courtier immobilier Montr\u00e9al, KW Connexion","potentialAction":[{"@type":"SearchAction","target":{"@type":"EntryPoint","urlTemplate":"https:\/\/melaniedubois.com\/en\/?s={search_term_string}"},"query-input":{"@type":"PropertyValueSpecification","valueRequired":true,"valueName":"search_term_string"}}],"inLanguage":"fr-FR"}]}},"_links":{"self":[{"href":"https:\/\/melaniedubois.com\/fr\/wp-json\/wp\/v2\/pages\/999","targetHints":{"allow":["GET"]}}],"collection":[{"href":"https:\/\/melaniedubois.com\/fr\/wp-json\/wp\/v2\/pages"}],"about":[{"href":"https:\/\/melaniedubois.com\/fr\/wp-json\/wp\/v2\/types\/page"}],"author":[{"embeddable":true,"href":"https:\/\/melaniedubois.com\/fr\/wp-json\/wp\/v2\/users\/632"}],"replies":[{"embeddable":true,"href":"https:\/\/melaniedubois.com\/fr\/wp-json\/wp\/v2\/comments?post=999"}],"version-history":[{"count":2,"href":"https:\/\/melaniedubois.com\/fr\/wp-json\/wp\/v2\/pages\/999\/revisions"}],"predecessor-version":[{"id":1017,"href":"https:\/\/melaniedubois.com\/fr\/wp-json\/wp\/v2\/pages\/999\/revisions\/1017"}],"up":[{"embeddable":true,"href":"https:\/\/melaniedubois.com\/fr\/wp-json\/wp\/v2\/pages\/713"}],"wp:featuredmedia":[{"embeddable":true,"href":"https:\/\/melaniedubois.com\/fr\/wp-json\/wp\/v2\/media\/1004"}],"wp:attachment":[{"href":"https:\/\/melaniedubois.com\/fr\/wp-json\/wp\/v2\/media?parent=999"}],"curies":[{"name":"wp","href":"https:\/\/api.w.org\/{rel}","templated":true}]}}